{"id":51,"date":"2022-04-04T14:37:16","date_gmt":"2022-04-04T12:37:16","guid":{"rendered":"https:\/\/feldkunst.de\/?page_id=51"},"modified":"2026-02-02T13:31:06","modified_gmt":"2026-02-02T12:31:06","slug":"konzept","status":"publish","type":"page","link":"https:\/\/feldkunst.de\/?page_id=51","title":{"rendered":"KONZEPT"},"content":{"rendered":"\n<figure class=\"wp-block-image size-full\"><img loading=\"lazy\" decoding=\"async\" width=\"1500\" height=\"482\" src=\"https:\/\/feldkunst.de\/wp-content\/uploads\/2022\/09\/header_konzept2_12.jpg\" alt=\"\" class=\"wp-image-245\" srcset=\"https:\/\/feldkunst.de\/wp-content\/uploads\/2022\/09\/header_konzept2_12.jpg 1500w, https:\/\/feldkunst.de\/wp-content\/uploads\/2022\/09\/header_konzept2_12-300x96.jpg 300w, https:\/\/feldkunst.de\/wp-content\/uploads\/2022\/09\/header_konzept2_12-1024x329.jpg 1024w, https:\/\/feldkunst.de\/wp-content\/uploads\/2022\/09\/header_konzept2_12-768x247.jpg 768w\" sizes=\"auto, (max-width: 1500px) 100vw, 1500px\" \/><\/figure>\n\n\n\n<h2 class=\"wp-block-heading\">Feldkunst &#8211; BieleFELD<\/h2>\n\n\n\n<h4 class=\"wp-block-heading\">Ein Kunstprojekt f\u00fcr Sch\u00fcler*innen<\/h4>\n\n\n\n<p class=\"has-medium-font-size\">Die Idee entstand im Rahmen einer Vertretung im Kunstunterricht: Um die zu Beginn unmotivierte Klasse zu begeistern, erhielten die Sch\u00fcler*innen die Aufgabe, Fotos von Architektur unter bestimmten Gesichtspunkten zu erstellen und anschlie\u00dfend zu individualisieren. Die Ergebnisse dieses ersten Feldkunst-Projekts haben uns so begeistert, dass das Gr\u00fcndungsteam, bestehend aus den Kunstp\u00e4dagoginnen Monique Breuer, Julia Rheingans, Susanne Henning und der kunstbegeisterten Bielefelderin Alexandra Planert, sich 2017 zusammengefunden hat, um das Projekt Feldkunst zu starten.<\/p>\n\n\n\n<p class=\"has-medium-font-size\">Ziel des aktuellenTeams, zu dem Monique Breuer, Julia Rheingans und Susanne Henning (beide Universit\u00e4t Bielefeld) geh\u00f6ren, ist es, Sch\u00fcler*innen aller Altersgruppen und aller Schulformen Kunst in einem anderen als dem schulischen Umfeld n\u00e4her zu bringen und ihnen die M\u00f6glichkeit zu bieten, im Rahmen moderner p\u00e4dagogischer Konzepte Kunst in Workshops selbst zu erleben und zu entwickeln. Hierbei legen wir Wert auf Inklusion und m\u00f6chten besonders auch Sch\u00fcler*innen mit bildungsfernem Hintergrund erreichen.<\/p>\n\n\n\n<p class=\"has-medium-font-size\">Die einmal j\u00e4hrlich stattfindende Projektwoche widmet sich einem ausgew\u00e4hlten Thema, h\u00e4ufig in Anlehnung an die aktuelle Ausstellung der Kunsthalle Bielefeld. Hierzu werden von Kunststudent*innen der jeweils teilnehmenden Universit\u00e4ten im Rahmen von Seminaren ein Semester lang Konzepte f\u00fcr die Workshops der Sch\u00fcler*innen entwickelt, Materialien ausgew\u00e4hlt und Themen sowie Projekte f\u00fcr die speziellen Altersgruppen erarbeitet. Weitere Workshops werden von Mitarbeitenden beteiligter Institutionen wie insbesondere der Kunsthalle Bielefeld angeboten. Die Projektwoche selbst findet im Skulpturenpark der Kunsthalle und in deren R\u00e4umlichkeiten unter Einbeziehung der Ausstellung statt. Die dreist\u00fcndigen Workshops in den Bereichen Architektur \/ Skulptur, Druckgrafik, Performance, \u00c4sthetische Forschung werden im Klassen- oder Kursverband durchgef\u00fchrt.<\/p>\n\n\n\n<p class=\"has-medium-font-size\">Zum Abschluss einer Projektwoche werden die Arbeiten der Sch\u00fcler*innen ausgestellt, in einer Ausstellung oder auch in Form eines Audiowalks.<\/p>\n\n\n\n<p class=\"has-medium-font-size\">Das Feldkunst-Konzept erm\u00f6glicht es den Studierenden, Kunstvermittlung in intensivem Kontakt mit den Sch\u00fcler*innen zu erfahren, und den Sch\u00fcler*innen, Kunst auf au\u00dfergew\u00f6hnliche Weise zu erleben und selbst gestalterisch t\u00e4tig zu werden.\u00a0<\/p>\n\n\n\n<p class=\"has-medium-font-size\">Als gemeinn\u00fctziges Projekt wurde Feldkunst von 2017 bis 2025 durch die Bielefelder B\u00fcrgerstiftung unterst\u00fctzt.<\/p>\n\n\n\n<p class=\"has-medium-font-size\">Wir hoffen mit diesem Projekt kulturelle Bildung, insbesondere Kunst, Kindern und Jugendlichen, aber auch interessierten Erwachsenen n\u00e4her zu bringen, Barrieren zur Inanspruchnahme von Kulturangeboten abzubauen und die Begeisterung f\u00fcr k\u00fcnstlerische Entfaltungsm\u00f6glichkeiten zu erh\u00f6hen.<\/p>\n\n\n\n<figure class=\"wp-block-gallery has-nested-images columns-default is-cropped wp-block-gallery-1 is-layout-flex wp-block-gallery-is-layout-flex\"><\/figure>\n","protected":false},"excerpt":{"rendered":"<p>Feldkunst &#8211; BieleFELD Ein Kunstprojekt f\u00fcr Sch\u00fcler*innen Die Idee entstand im Rahmen einer Vertretung im Kunstunterricht: Um die zu Beginn unmotivierte Klasse zu begeistern, erhielten die Sch\u00fcler*innen die Aufgabe, Fotos von Architektur unter bestimmten Gesichtspunkten zu erstellen und anschlie\u00dfend zu individualisieren. Die Ergebnisse dieses ersten Feldkunst-Projekts haben uns so begeistert, dass das Gr\u00fcndungsteam, bestehend aus &hellip;<\/p>\n<p class=\"read-more\"> <a class=\"\" href=\"https:\/\/feldkunst.de\/?page_id=51\"> <span class=\"screen-reader-text\">KONZEPT<\/span> Weiterlesen &raquo;<\/a><\/p>\n","protected":false},"author":1,"featured_media":0,"parent":0,"menu_order":0,"comment_status":"closed","ping_status":"closed","template":"","meta":{"site-sidebar-layout":"default","site-content-layout":"default","ast-global-header-display":"","ast-main-header-display":"","ast-hfb-above-header-display":"","ast-hfb-below-header-display":"","ast-hfb-mobile-header-display":"","site-post-title":"","ast-breadcrumbs-content":"","ast-featured-img":"","footer-sml-layout":"","theme-transparent-header-meta":"","adv-header-id-meta":"","stick-header-meta":"","header-above-stick-meta":"","header-main-stick-meta":"","header-below-stick-meta":"","footnotes":""},"class_list":["post-51","page","type-page","status-publish","hentry"],"_links":{"self":[{"href":"https:\/\/feldkunst.de\/index.php?rest_route=\/wp\/v2\/pages\/51","targetHints":{"allow":["GET"]}}],"collection":[{"href":"https:\/\/feldkunst.de\/index.php?rest_route=\/wp\/v2\/pages"}],"about":[{"href":"https:\/\/feldkunst.de\/index.php?rest_route=\/wp\/v2\/types\/page"}],"author":[{"embeddable":true,"href":"https:\/\/feldkunst.de\/index.php?rest_route=\/wp\/v2\/users\/1"}],"replies":[{"embeddable":true,"href":"https:\/\/feldkunst.de\/index.php?rest_route=%2Fwp%2Fv2%2Fcomments&post=51"}],"version-history":[{"count":14,"href":"https:\/\/feldkunst.de\/index.php?rest_route=\/wp\/v2\/pages\/51\/revisions"}],"predecessor-version":[{"id":558,"href":"https:\/\/feldkunst.de\/index.php?rest_route=\/wp\/v2\/pages\/51\/revisions\/558"}],"wp:attachment":[{"href":"https:\/\/feldkunst.de\/index.php?rest_route=%2Fwp%2Fv2%2Fmedia&parent=51"}],"curies":[{"name":"wp","href":"https:\/\/api.w.org\/{rel}","templated":true}]}}