{"id":45,"date":"2022-04-04T14:35:06","date_gmt":"2022-04-04T12:35:06","guid":{"rendered":"https:\/\/feldkunst.de\/?page_id=45"},"modified":"2025-06-03T19:53:50","modified_gmt":"2025-06-03T17:53:50","slug":"projektpartner","status":"publish","type":"page","link":"https:\/\/feldkunst.de\/?page_id=45","title":{"rendered":"PROJEKTPARTNER"},"content":{"rendered":"\n<figure class=\"wp-block-image size-full\"><a href=\"https:\/\/feldkunst.de\/\"><img loading=\"lazy\" decoding=\"async\" width=\"1500\" height=\"482\" src=\"https:\/\/feldkunst.de\/wp-content\/uploads\/2022\/09\/header_konzept2_12.jpg\" alt=\"\" class=\"wp-image-245\" srcset=\"https:\/\/feldkunst.de\/wp-content\/uploads\/2022\/09\/header_konzept2_12.jpg 1500w, https:\/\/feldkunst.de\/wp-content\/uploads\/2022\/09\/header_konzept2_12-300x96.jpg 300w, https:\/\/feldkunst.de\/wp-content\/uploads\/2022\/09\/header_konzept2_12-1024x329.jpg 1024w, https:\/\/feldkunst.de\/wp-content\/uploads\/2022\/09\/header_konzept2_12-768x247.jpg 768w\" sizes=\"auto, (max-width: 1500px) 100vw, 1500px\" \/><\/a><\/figure>\n\n\n\n<h4 class=\"wp-block-heading\">Zu den Feldkunst-Projektpartnern geh\u00f6ren:<\/h4>\n\n\n\n<h5 class=\"wp-block-heading\"><strong>Die Kunsthalle Bielefeld<\/strong><\/h5>\n\n\n\n<p class=\"has-medium-font-size\">1928 wurde in Bielefeld das erste st\u00e4dtische Kunsthaus er\u00f6ffnet und damit der Grundstein f\u00fcr die Sammlung gelegt. Die <a href=\"https:\/\/www.kunsthalle-bielefeld.de\/\">Kunsthalle Bielefeld<\/a> in ihrer heutigen Form wurde im Jahr 1968 nach Pl\u00e4nen des US-amerikanischen Architekten Philip Johnson (1906-2005) erbaut und stellt heute ein architekturhistorisches Denkmal dar. 2008, zum 40. Geburtstag der Kunsthalle, konnte der nach Originalpl\u00e4nen Philip Johnsons restaurierte Skulpturenpark er\u00f6ffnet werden. Die Sammlung der Kunsthalle bildet mit herausragenden Einzelwerken die Kunstgeschichte vom sp\u00e4ten 19. Jahrhundert bis zur Gegenwart ab.<\/p>\n\n\n\n<p class=\"has-medium-font-size\">Mit unsem Projekt nehmen wir sowohl auf Werke der Sammlung als auch auf aktuelle Ausstellungen Bezug.  Die Kunsthalle beteiligt sich aktiv unter der Leitung von Christiane Lutterkort, zust\u00e4ndig f\u00fcr Vermittlung in der Kunsthalle, an den Angeboten der Workshops, die auch von Mitarbeiter*innen der Kunsthalle vorbereitet und durchgef\u00fchrt werden. F\u00fcr die gesamte Dauer des Projektes k\u00f6nnen wir mit den Sch\u00fcler*innen im Skulpturenpark und in den R\u00e4umen der Kunsthalle arbeiten und die aktuelle Ausstellung durch einen Besuch in die Workshops einbeziehen.<\/p>\n\n\n\n<h5 class=\"wp-block-heading\">Das Kunstforum Hermann Stenner (Projektpartner bis 2024)<\/h5>\n\n\n\n<p class=\"has-medium-font-size\">Das <a href=\"https:\/\/kunstforum-hermann-stenner.de\/\">Kunstforum Hermann Stenner<\/a> hatte das Anliegen, Begegnungen mit der bildenden Kunst des 20. und 21. Jahrhunderts erm\u00f6glichen. Namensgebend war der in Bielefeld geborene K\u00fcnstler Hermann Stenner (1891\u20131914), ein Vertreter der Klassischen Moderne. Von seiner k\u00fcnstlerischen Arbeit ausgehend verfolgte das Haus bis Anfang des Jahres 2025 seine Einfl\u00fcsse in die Kunst der Gegenwart. Dabei legte es einen Schwerpunkt auf Kunstvermittlung, verfolgte das Ziel, Interesse an Kunst zu wecken und verstand sich als Ort des Lernens und des Austauschs.<\/p>\n\n\n\n<p class=\"has-medium-font-size\">In den Jahren 2023 und 2024 beteiligte sich das Kunstforum Hermann Stenner mit seiner f\u00fcr Bildung und Kommunikation zust\u00e4ndigen Mitarbeiterin Laura Oymanns an den j\u00e4hrlichen Projekten von Feldkunst, die wiederum die Ausstellungen des Forums in ihre Konzeptionen einbezogen.<\/p>\n\n\n\n<h5 class=\"wp-block-heading\">Die Bielefelder B\u00fcrgerstiftung<\/h5>\n\n\n\n<p class=\"has-medium-font-size\">2002 wurde die <a rel=\"noreferrer noopener\" href=\"https:\/\/www.bielefelder-buergerstiftung.de\/\" target=\"_blank\">Bielefelder B\u00fcrgerstiftung<\/a> auf Initiative des Vereins \u201eBielefelder Konsens: Pro Bielefeld e.V.\u201c gegr\u00fcndet und mit einem Stiftungskapital ausgestattet. Getragen von dem Gedanken \u201eVon Bielefeldern f\u00fcr Bielefelder\u201c hat sich die Bielefelder B\u00fcrgerstiftung seitdem zu einem festen Bestandteil der Stadt entwickelt. Ehrenamtliche f\u00fchren hier eigene Projekte durch, unterst\u00fctzen und beraten Initiativen und vernetzen, um soziale L\u00fccken in der Stadt zu schlie\u00dfen. In unser Projekt bringt die Bielefelder B\u00fcrgerstiftung Know-how zur Durchf\u00fchrung ein, unterst\u00fctzt bei der Vernetzung der Partner und \u00fcbernimmt die finanzielle F\u00f6rderung zur Durchf\u00fchrung des Projektes. <\/p>\n\n\n\n<div class=\"wp-block-buttons is-layout-flex wp-block-buttons-is-layout-flex\">\n<div class=\"wp-block-button\"><a class=\"wp-block-button__link wp-element-button\" href=\"https:\/\/feldkunst.de\">STARTSEITE<\/a><\/div>\n<\/div>\n","protected":false},"excerpt":{"rendered":"<p>Zu den Feldkunst-Projektpartnern geh\u00f6ren: Die Kunsthalle Bielefeld 1928 wurde in Bielefeld das erste st\u00e4dtische Kunsthaus er\u00f6ffnet und damit der Grundstein f\u00fcr die Sammlung gelegt. Die Kunsthalle Bielefeld in ihrer heutigen Form wurde im Jahr 1968 nach Pl\u00e4nen des US-amerikanischen Architekten Philip Johnson (1906-2005) erbaut und stellt heute ein architekturhistorisches Denkmal dar. 2008, zum 40. Geburtstag &hellip;<\/p>\n<p class=\"read-more\"> <a class=\"\" href=\"https:\/\/feldkunst.de\/?page_id=45\"> <span class=\"screen-reader-text\">PROJEKTPARTNER<\/span> Weiterlesen &raquo;<\/a><\/p>\n","protected":false},"author":1,"featured_media":0,"parent":0,"menu_order":0,"comment_status":"closed","ping_status":"closed","template":"","meta":{"site-sidebar-layout":"default","site-content-layout":"default","ast-global-header-display":"","ast-main-header-display":"","ast-hfb-above-header-display":"","ast-hfb-below-header-display":"","ast-hfb-mobile-header-display":"","site-post-title":"","ast-breadcrumbs-content":"","ast-featured-img":"","footer-sml-layout":"","theme-transparent-header-meta":"","adv-header-id-meta":"","stick-header-meta":"","header-above-stick-meta":"","header-main-stick-meta":"","header-below-stick-meta":"","footnotes":""},"class_list":["post-45","page","type-page","status-publish","hentry"],"_links":{"self":[{"href":"https:\/\/feldkunst.de\/index.php?rest_route=\/wp\/v2\/pages\/45","targetHints":{"allow":["GET"]}}],"collection":[{"href":"https:\/\/feldkunst.de\/index.php?rest_route=\/wp\/v2\/pages"}],"about":[{"href":"https:\/\/feldkunst.de\/index.php?rest_route=\/wp\/v2\/types\/page"}],"author":[{"embeddable":true,"href":"https:\/\/feldkunst.de\/index.php?rest_route=\/wp\/v2\/users\/1"}],"replies":[{"embeddable":true,"href":"https:\/\/feldkunst.de\/index.php?rest_route=%2Fwp%2Fv2%2Fcomments&post=45"}],"version-history":[{"count":16,"href":"https:\/\/feldkunst.de\/index.php?rest_route=\/wp\/v2\/pages\/45\/revisions"}],"predecessor-version":[{"id":555,"href":"https:\/\/feldkunst.de\/index.php?rest_route=\/wp\/v2\/pages\/45\/revisions\/555"}],"wp:attachment":[{"href":"https:\/\/feldkunst.de\/index.php?rest_route=%2Fwp%2Fv2%2Fmedia&parent=45"}],"curies":[{"name":"wp","href":"https:\/\/api.w.org\/{rel}","templated":true}]}}