{"id":42,"date":"2022-04-04T14:34:08","date_gmt":"2022-04-04T12:34:08","guid":{"rendered":"https:\/\/feldkunst.de\/?page_id=42"},"modified":"2025-01-27T09:26:33","modified_gmt":"2025-01-27T08:26:33","slug":"team","status":"publish","type":"page","link":"https:\/\/feldkunst.de\/?page_id=42","title":{"rendered":"TEAM"},"content":{"rendered":"\n<figure class=\"wp-block-image size-full\"><a href=\"https:\/\/feldkunst.de\/\"><img loading=\"lazy\" decoding=\"async\" width=\"1500\" height=\"482\" src=\"https:\/\/feldkunst.de\/wp-content\/uploads\/2022\/09\/header_konzept2_12.jpg\" alt=\"\" class=\"wp-image-245\" srcset=\"https:\/\/feldkunst.de\/wp-content\/uploads\/2022\/09\/header_konzept2_12.jpg 1500w, https:\/\/feldkunst.de\/wp-content\/uploads\/2022\/09\/header_konzept2_12-300x96.jpg 300w, https:\/\/feldkunst.de\/wp-content\/uploads\/2022\/09\/header_konzept2_12-1024x329.jpg 1024w, https:\/\/feldkunst.de\/wp-content\/uploads\/2022\/09\/header_konzept2_12-768x247.jpg 768w\" sizes=\"auto, (max-width: 1500px) 100vw, 1500px\" \/><\/a><\/figure>\n\n\n\n<h2 class=\"wp-block-heading\">TEAM FELDKUNST<\/h2>\n\n\n\n<figure class=\"wp-block-gallery has-nested-images columns-default is-cropped wp-block-gallery-1 is-layout-flex wp-block-gallery-is-layout-flex\">\n<figure class=\"wp-block-image size-large\"><img loading=\"lazy\" decoding=\"async\" width=\"784\" height=\"768\" data-id=\"286\" src=\"https:\/\/feldkunst.de\/wp-content\/uploads\/2022\/11\/Bild1.jpg\" alt=\"\" class=\"wp-image-286\" srcset=\"https:\/\/feldkunst.de\/wp-content\/uploads\/2022\/11\/Bild1.jpg 784w, https:\/\/feldkunst.de\/wp-content\/uploads\/2022\/11\/Bild1-300x294.jpg 300w, https:\/\/feldkunst.de\/wp-content\/uploads\/2022\/11\/Bild1-768x752.jpg 768w\" sizes=\"auto, (max-width: 784px) 100vw, 784px\" \/><figcaption class=\"wp-element-caption\">Monique Breuer<\/figcaption><\/figure>\n\n\n\n<figure class=\"wp-block-image size-full\"><img loading=\"lazy\" decoding=\"async\" width=\"766\" height=\"768\" data-id=\"285\" src=\"https:\/\/feldkunst.de\/wp-content\/uploads\/2022\/11\/Susanne2.jpg\" alt=\"\" class=\"wp-image-285\" srcset=\"https:\/\/feldkunst.de\/wp-content\/uploads\/2022\/11\/Susanne2.jpg 766w, https:\/\/feldkunst.de\/wp-content\/uploads\/2022\/11\/Susanne2-300x300.jpg 300w, https:\/\/feldkunst.de\/wp-content\/uploads\/2022\/11\/Susanne2-150x150.jpg 150w\" sizes=\"auto, (max-width: 766px) 100vw, 766px\" \/><figcaption class=\"wp-element-caption\">Susanne Henning<\/figcaption><\/figure>\n\n\n\n<figure class=\"wp-block-image size-large\"><img loading=\"lazy\" decoding=\"async\" width=\"766\" height=\"767\" data-id=\"289\" src=\"https:\/\/feldkunst.de\/wp-content\/uploads\/2022\/11\/julia-1.jpg\" alt=\"\" class=\"wp-image-289\" srcset=\"https:\/\/feldkunst.de\/wp-content\/uploads\/2022\/11\/julia-1.jpg 766w, https:\/\/feldkunst.de\/wp-content\/uploads\/2022\/11\/julia-1-300x300.jpg 300w, https:\/\/feldkunst.de\/wp-content\/uploads\/2022\/11\/julia-1-150x150.jpg 150w\" sizes=\"auto, (max-width: 766px) 100vw, 766px\" \/><figcaption class=\"wp-element-caption\">Julia Rheingans<\/figcaption><\/figure>\n<\/figure>\n\n\n\n<p><\/p>\n\n\n\n<h4 class=\"wp-block-heading\">Monique Breuer<\/h4>\n\n\n\n<p>Studium der Theaterwissenschaft (Schwerpunkt: Tanzwissenschaft) und Germanistik an der Universit\u00e4t Leipzig (Magister Artium), Dance Theatre am Laban Center, London. Studium der F\u00e4cher Kunst, Darstellendes Spiel und Deutsch an der HBK Braunschweig und der Universit\u00e4t Paderborn, Staatsexamen I und II, wissenschaftliche Mitarbeiterin an der Universit\u00e4t Paderborn, Lehrauftr\u00e4ge an der Universit\u00e4t Paderborn Fachbereich Kunst mit Schwerpunkt Performance und ihre Vermittlung. Forschungsinteressen: Initiieren von Gestaltungs- und Teilhabeprozessen in den performativen K\u00fcnsten.<\/p>\n\n\n\n<h4 class=\"wp-block-heading\">Dr. Susanne Henning<\/h4>\n\n\n\n<p>Dipl. Ing. Architektin, arbeitet seit 2023 als wissenschaftliche Mitarbeiterin im Fach Kunst- und Musikp\u00e4dagogik | Kulturvermittlung an der Universit\u00e4t Bielefeld. Sie vertrat 2023 die Professur f\u00fcr Kunstp\u00e4dagogik an der Justus-Liebig-Universit\u00e4t Gie\u00dfen, war von 2020-2023 wiss. Mitarbeiterin im Bereich Didaktik der Bildenden K\u00fcnste an der Kunstakademie D\u00fcsseldorf, 2018-2020 im Bereich Kunstp\u00e4dagogik an der Universit\u00e4t Siegen und 2013-2018 wiss. Mitarbeiterin im Fach Kunst, Bereich Bildhauerei und Didaktik an der Universit\u00e4t Paderborn. 2019 promovierte sie zu Schnittstellen architektonischer und skulpturaler Bildungsprozesse.<\/p>\n\n\n\n<h4 class=\"wp-block-heading\">Julia Rheingans<\/h4>\n\n\n\n<p>Kunst- und Musikp\u00e4dagogin, seit 2014 Dozentin f\u00fcr Kunst- und Musikp\u00e4dagogik an der Universit\u00e4t Bielefeld, &nbsp;2015-2019 gemeinsame Leitung mit Prof. Dr. Petra Kathke der KinderKunstMusik-Werkstatt an der Universit\u00e4t Bielefeld, 2019 Gr\u00fcnderin des IchAteliers f\u00fcr Pers\u00f6nlichkeits- und k\u00fcnstlerische Potentialentfaltung, seit 2022 Lehrbeauftragte an der FH Bielefeld f\u00fcr Gestaltung, 2014 zweites Staatsexamen in den F\u00e4cher Kunst, Musik, Deutsch und Mathematik, 2009-2010 wissenschaftliche Hilfskraft in der musikp\u00e4dagogischen Forschungsstelle der Universit\u00e4t Bielefeld<\/p>\n\n\n\n<h4 class=\"wp-block-heading\">Initiatorin und aktives Mitglied bis 2023: Dr. Alexandra Planert <\/h4>\n\n\n\n<figure class=\"wp-block-image size-thumbnail\"><img loading=\"lazy\" decoding=\"async\" width=\"150\" height=\"150\" src=\"https:\/\/feldkunst.de\/wp-content\/uploads\/2022\/11\/Alex-150x150.jpg\" alt=\"\" class=\"wp-image-284\" srcset=\"https:\/\/feldkunst.de\/wp-content\/uploads\/2022\/11\/Alex-150x150.jpg 150w, https:\/\/feldkunst.de\/wp-content\/uploads\/2022\/11\/Alex-300x300.jpg 300w, https:\/\/feldkunst.de\/wp-content\/uploads\/2022\/11\/Alex.jpg 768w\" sizes=\"auto, (max-width: 150px) 100vw, 150px\" \/><\/figure>\n\n\n\n<p>Initiierte das Projekt BieleFELD 2018 gemeinsam mit Monique Breuer.<br>Augen\u00e4rztin, sozial engagiert, Teilnahme an zahlreichen Entwicklungshilfeeins\u00e4tzen in Indien, Tanzania, Ghana und Marokko. Kunstbegeistert, Mitglied in mehreren F\u00f6rdervereinen Bielefelder Museen. <\/p>\n\n\n\n<h4 class=\"wp-block-heading\"><\/h4>\n\n\n\n<div class=\"wp-block-buttons is-layout-flex wp-block-buttons-is-layout-flex\">\n<div class=\"wp-block-button\"><a class=\"wp-block-button__link wp-element-button\" href=\"https:\/\/feldkunst.de\/\">STARTSEITE<\/a><\/div>\n<\/div>\n\n\n\n<p><\/p>\n","protected":false},"excerpt":{"rendered":"<p>TEAM FELDKUNST Monique Breuer Studium der Theaterwissenschaft (Schwerpunkt: Tanzwissenschaft) und Germanistik an der Universit\u00e4t Leipzig (Magister Artium), Dance Theatre am Laban Center, London. Studium der F\u00e4cher Kunst, Darstellendes Spiel und Deutsch an der HBK Braunschweig und der Universit\u00e4t Paderborn, Staatsexamen I und II, wissenschaftliche Mitarbeiterin an der Universit\u00e4t Paderborn, Lehrauftr\u00e4ge an der Universit\u00e4t Paderborn Fachbereich &hellip;<\/p>\n<p class=\"read-more\"> <a class=\"\" href=\"https:\/\/feldkunst.de\/?page_id=42\"> <span class=\"screen-reader-text\">TEAM<\/span> Weiterlesen &raquo;<\/a><\/p>\n","protected":false},"author":1,"featured_media":0,"parent":0,"menu_order":0,"comment_status":"closed","ping_status":"closed","template":"","meta":{"site-sidebar-layout":"default","site-content-layout":"default","ast-global-header-display":"","ast-main-header-display":"","ast-hfb-above-header-display":"","ast-hfb-below-header-display":"","ast-hfb-mobile-header-display":"","site-post-title":"","ast-breadcrumbs-content":"","ast-featured-img":"","footer-sml-layout":"","theme-transparent-header-meta":"","adv-header-id-meta":"","stick-header-meta":"","header-above-stick-meta":"","header-main-stick-meta":"","header-below-stick-meta":"","footnotes":""},"class_list":["post-42","page","type-page","status-publish","hentry"],"_links":{"self":[{"href":"https:\/\/feldkunst.de\/index.php?rest_route=\/wp\/v2\/pages\/42","targetHints":{"allow":["GET"]}}],"collection":[{"href":"https:\/\/feldkunst.de\/index.php?rest_route=\/wp\/v2\/pages"}],"about":[{"href":"https:\/\/feldkunst.de\/index.php?rest_route=\/wp\/v2\/types\/page"}],"author":[{"embeddable":true,"href":"https:\/\/feldkunst.de\/index.php?rest_route=\/wp\/v2\/users\/1"}],"replies":[{"embeddable":true,"href":"https:\/\/feldkunst.de\/index.php?rest_route=%2Fwp%2Fv2%2Fcomments&post=42"}],"version-history":[{"count":33,"href":"https:\/\/feldkunst.de\/index.php?rest_route=\/wp\/v2\/pages\/42\/revisions"}],"predecessor-version":[{"id":549,"href":"https:\/\/feldkunst.de\/index.php?rest_route=\/wp\/v2\/pages\/42\/revisions\/549"}],"wp:attachment":[{"href":"https:\/\/feldkunst.de\/index.php?rest_route=%2Fwp%2Fv2%2Fmedia&parent=42"}],"curies":[{"name":"wp","href":"https:\/\/api.w.org\/{rel}","templated":true}]}}